{"id":363,"date":"2016-01-29T09:51:22","date_gmt":"2016-01-29T09:51:22","guid":{"rendered":"https:\/\/the7.io\/beauty-studio\/?page_id=2"},"modified":"2022-07-11T18:42:46","modified_gmt":"2022-07-11T21:42:46","slug":"home","status":"publish","type":"page","link":"https:\/\/www.ceramtech.com.br\/en\/","title":{"rendered":"CERAMTECH INTERNATIONAL BUSINESS"},"content":{"rendered":"<div class=\"wpb-content-wrapper\"><p>[vc_row full_width=&#8221;stretch_row&#8221; bg_type=&#8221;bg_color&#8221; bg_override=&#8221;ex-full&#8221; type=&#8221;vc_default&#8221; bg_color_value=&#8221;#f5f5f5&#8243; css=&#8221;.vc_custom_1571082880170{padding-top: 40px !important;padding-bottom: 0px !important;}&#8221;][vc_column css=&#8221;.vc_custom_1571082897874{padding-bottom: 40px !important;}&#8221;]<div id=\"ultimate-heading-494869ea32f229d04\" class=\"uvc-heading ult-adjust-bottom-margin ultimate-heading-494869ea32f229d04 uvc-3688 accent-border-color\" data-hspacer=\"line_only\"  data-halign=\"center\" style=\"text-align:center\"><div class=\"uvc-main-heading ult-responsive\"  data-ultimate-target='.uvc-heading.ultimate-heading-494869ea32f229d04 h2'  data-responsive-json-new='{\"font-size\":\"desktop:40px;\",\"line-height\":\"desktop:46px;\"}' ><h2 style=\"font-weight:bold;margin-bottom:15px;\">INTERNATIONAL BUSINESS 360\u00ba<\/h2><\/div><div class=\"uvc-heading-spacer line_only\" style=\"topheight:5px;\"><span class=\"uvc-headings-line\" style=\"border-style:solid;border-bottom-width:5px;border-color:;width:200px;\"><\/span><\/div><\/div>[vc_single_image image=&#8221;2013&#8243; img_size=&#8221;1100&#215;200&#8243; alignment=&#8221;center&#8221; onclick=&#8221;custom_link&#8221; css=&#8221;.vc_custom_1576507727217{padding-top: 20px !important;}&#8221; link=&#8221;https:\/\/www.ceramtech.com.br\/en\/our-services\/international-business-360o\/&#8221;][\/vc_column][\/vc_row][vc_row full_width=&#8221;stretch_row&#8221; bg_type=&#8221;bg_color&#8221; bg_override=&#8221;ex-full&#8221; type=&#8221;vc_default&#8221; css=&#8221;.vc_custom_1570451455520{padding-top: 20px !important;padding-bottom: 0px !important;}&#8221;][vc_column css=&#8221;.vc_custom_1571083020460{padding-bottom: 20px !important;}&#8221;]<div id=\"ultimate-heading-921969ea32f229d2b\" class=\"uvc-heading ult-adjust-bottom-margin ultimate-heading-921969ea32f229d2b uvc-1753 accent-border-color\" data-hspacer=\"line_only\"  data-halign=\"center\" style=\"text-align:center\"><div class=\"uvc-main-heading ult-responsive\"  data-ultimate-target='.uvc-heading.ultimate-heading-921969ea32f229d2b h2'  data-responsive-json-new='{\"font-size\":\"desktop:40px;\",\"line-height\":\"desktop:46px;\"}' ><h2 style=\"font-weight:bold;margin-bottom:15px;\">SOME OF OUR PARTNERS<\/h2><\/div><div class=\"uvc-heading-spacer line_only\" style=\"margin-bottom:0px;height:5px;\"><span class=\"uvc-headings-line\" style=\"border-style:solid;border-bottom-width:5px;border-color:;width:200px;\"><\/span><\/div><\/div>[\/vc_column][\/vc_row][vc_row][vc_column][vc_column_text]<\/p>\n\n\t\t\t<style type='text\/css'>\n\t\t\t\t#gallery-1 {\n\t\t\t\t\tmargin: auto;\n\t\t\t\t}\n\t\t\t\t#gallery-1 .gallery-item {\n\t\t\t\t\tfloat: left;\n\t\t\t\t\tmargin-top: 10px;\n\t\t\t\t\ttext-align: center;\n\t\t\t\t\twidth: 25%;\n\t\t\t\t}\n\t\t\t\t#gallery-1 img {\n\t\t\t\t\tborder: 2px solid #cfcfcf;\n\t\t\t\t}\n\t\t\t\t#gallery-1 .gallery-caption {\n\t\t\t\t\tmargin-left: 0;\n\t\t\t\t}\n\t\t\t\t\/* see gallery_shortcode() in wp-includes\/media.php *\/\n\t\t\t<\/style>\n\t\t<div id='gallery-1' class='dt-gallery-container gallery galleryid-363 gallery-columns-4 gallery-size-full'><dl class='gallery-item'>\n\t\t\t\t<dt class='gallery-icon landscape'>\n\t\t\t\t\t<img loading=\"lazy\" decoding=\"async\" width=\"196\" height=\"135\" src=\"https:\/\/www.ceramtech.com.br\/en\/wp-content\/uploads\/2019\/10\/flextech-2.jpg\" class=\"attachment-full size-full\" alt=\"Flextech - Solu\u00e7\u00f5es Industriais e Com\u00e9rcio Ltda\" \/>\n\t\t\t\t<\/dt><\/dl><dl class='gallery-item'>\n\t\t\t\t<dt class='gallery-icon landscape'>\n\t\t\t\t\t<img loading=\"lazy\" decoding=\"async\" width=\"205\" height=\"142\" src=\"https:\/\/www.ceramtech.com.br\/en\/wp-content\/uploads\/2019\/10\/manualtech.jpg\" class=\"attachment-full size-full\" alt=\"ManualTech\" \/>\n\t\t\t\t<\/dt><\/dl><dl class='gallery-item'>\n\t\t\t\t<dt class='gallery-icon landscape'>\n\t\t\t\t\t<img loading=\"lazy\" decoding=\"async\" width=\"205\" height=\"142\" src=\"https:\/\/www.ceramtech.com.br\/en\/wp-content\/uploads\/2019\/10\/jacob-hessel.jpg\" class=\"attachment-full size-full\" alt=\"Jacob Hessel\" \/>\n\t\t\t\t<\/dt><\/dl><dl class='gallery-item'>\n\t\t\t\t<dt class='gallery-icon landscape'>\n\t\t\t\t\t<img loading=\"lazy\" decoding=\"async\" width=\"205\" height=\"142\" src=\"https:\/\/www.ceramtech.com.br\/en\/wp-content\/uploads\/2019\/10\/alcopi-internacional.jpg\" class=\"attachment-full size-full\" alt=\"Alcopi Internacional\" \/>\n\t\t\t\t<\/dt><\/dl><br style=\"clear: both\" \/>\n\t\t\t<\/div>\n\n<p>[\/vc_column_text][\/vc_column][\/vc_row]<\/p>\n<\/div>","protected":false},"excerpt":{"rendered":"<p>[vc_row full_width=&#8221;stretch_row&#8221; bg_type=&#8221;bg_color&#8221; bg_override=&#8221;ex-full&#8221; type=&#8221;vc_default&#8221; bg_color_value=&#8221;#f5f5f5&#8243; css=&#8221;.vc_custom_1571082880170{padding-top: 40px !important;padding-bottom: 0px !important;}&#8221;][vc_column css=&#8221;.vc_custom_1571082897874{padding-bottom: 40px !important;}&#8221;][vc_single_image image=&#8221;2013&#8243; img_size=&#8221;1100&#215;200&#8243; alignment=&#8221;center&#8221; onclick=&#8221;custom_link&#8221; css=&#8221;.vc_custom_1576507727217{padding-top: 20px !important;}&#8221; link=&#8221;https:\/\/www.ceramtech.com.br\/en\/our-services\/international-business-360o\/&#8221;][\/vc_column][\/vc_row][vc_row full_width=&#8221;stretch_row&#8221; bg_type=&#8221;bg_color&#8221; bg_override=&#8221;ex-full&#8221; type=&#8221;vc_default&#8221; css=&#8221;.vc_custom_1570451455520{padding-top: 20px !important;padding-bottom: 0px !important;}&#8221;][vc_column css=&#8221;.vc_custom_1571083020460{padding-bottom: 20px !important;}&#8221;][\/vc_column][\/vc_row][vc_row][vc_column][vc_column_text] [\/vc_column_text][\/vc_column][\/vc_row]<\/p>\n","protected":false},"author":1,"featured_media":0,"parent":0,"menu_order":0,"comment_status":"closed","ping_status":"closed","template":"","meta":[],"class_list":["post-363","page","type-page","status-publish","hentry","description-off"],"yoast_head":"<!-- This site is optimized with the Yoast SEO plugin v26.9 - https:\/\/yoast.com\/product\/yoast-seo-wordpress\/ -->\n<title>CERAMTECH INTERNATIONAL BUSINESS - Ceramtech Neg\u00f3cios Internacionais<\/title>\n<meta name=\"robots\" content=\"index, follow, max-snippet:-1, max-image-preview:large, max-video-preview:-1\" \/>\n<link rel=\"canonical\" href=\"https:\/\/www.ceramtech.com.br\/en\/\" \/>\n<meta property=\"og:locale\" content=\"pt_BR\" \/>\n<meta property=\"og:type\" content=\"article\" \/>\n<meta property=\"og:title\" content=\"CERAMTECH INTERNATIONAL BUSINESS - Ceramtech Neg\u00f3cios Internacionais\" \/>\n<meta property=\"og:description\" content=\"[vc_row full_width=&#8221;stretch_row&#8221; bg_type=&#8221;bg_color&#8221; bg_override=&#8221;ex-full&#8221; type=&#8221;vc_default&#8221; bg_color_value=&#8221;#f5f5f5&#8243; css=&#8221;.vc_custom_1571082880170{padding-top: 40px !important;padding-bottom: 0px !important;}&#8221;][vc_column css=&#8221;.vc_custom_1571082897874{padding-bottom: 40px !important;}&#8221;][vc_single_image image=&#8221;2013&#8243; img_size=&#8221;1100&#215;200&#8243; alignment=&#8221;center&#8221; onclick=&#8221;custom_link&#8221; css=&#8221;.vc_custom_1576507727217{padding-top: 20px !important;}&#8221; link=&#8221;https:\/\/www.ceramtech.com.br\/en\/our-services\/international-business-360o\/&#8221;][\/vc_column][\/vc_row][vc_row full_width=&#8221;stretch_row&#8221; bg_type=&#8221;bg_color&#8221; bg_override=&#8221;ex-full&#8221; type=&#8221;vc_default&#8221; css=&#8221;.vc_custom_1570451455520{padding-top: 20px !important;padding-bottom: 0px !important;}&#8221;][vc_column css=&#8221;.vc_custom_1571083020460{padding-bottom: 20px !important;}&#8221;][\/vc_column][\/vc_row][vc_row][vc_column][vc_column_text] [\/vc_column_text][\/vc_column][\/vc_row]\" \/>\n<meta property=\"og:url\" content=\"https:\/\/www.ceramtech.com.br\/en\/\" \/>\n<meta property=\"og:site_name\" content=\"Ceramtech Neg\u00f3cios Internacionais\" \/>\n<meta property=\"article:modified_time\" content=\"2022-07-11T21:42:46+00:00\" \/>\n<meta name=\"twitter:card\" content=\"summary_large_image\" \/>\n<meta name=\"twitter:label1\" content=\"Est. tempo de leitura\" \/>\n\t<meta name=\"twitter:data1\" content=\"1 minuto\" \/>\n<script type=\"application\/ld+json\" class=\"yoast-schema-graph\">{\"@context\":\"https:\/\/schema.org\",\"@graph\":[{\"@type\":\"WebPage\",\"@id\":\"https:\/\/www.ceramtech.com.br\/en\/\",\"url\":\"https:\/\/www.ceramtech.com.br\/en\/\",\"name\":\"CERAMTECH INTERNATIONAL BUSINESS - Ceramtech Neg\u00f3cios Internacionais\",\"isPartOf\":{\"@id\":\"https:\/\/www.ceramtech.com.br\/en\/#website\"},\"datePublished\":\"2016-01-29T09:51:22+00:00\",\"dateModified\":\"2022-07-11T21:42:46+00:00\",\"breadcrumb\":{\"@id\":\"https:\/\/www.ceramtech.com.br\/en\/#breadcrumb\"},\"inLanguage\":\"pt-BR\",\"potentialAction\":[{\"@type\":\"ReadAction\",\"target\":[\"https:\/\/www.ceramtech.com.br\/en\/\"]}]},{\"@type\":\"BreadcrumbList\",\"@id\":\"https:\/\/www.ceramtech.com.br\/en\/#breadcrumb\",\"itemListElement\":[{\"@type\":\"ListItem\",\"position\":1,\"name\":\"In\u00edcio\",\"item\":\"https:\/\/www.ceramtech.com.br\/en\/\"},{\"@type\":\"ListItem\",\"position\":2,\"name\":\"CERAMTECH INTERNATIONAL BUSINESS\"}]},{\"@type\":\"WebSite\",\"@id\":\"https:\/\/www.ceramtech.com.br\/en\/#website\",\"url\":\"https:\/\/www.ceramtech.com.br\/en\/\",\"name\":\"Ceramtech Neg\u00f3cios Internacionais\",\"description\":\"Ceramtech Neg\u00f3cios Internacionais\",\"potentialAction\":[{\"@type\":\"SearchAction\",\"target\":{\"@type\":\"EntryPoint\",\"urlTemplate\":\"https:\/\/www.ceramtech.com.br\/en\/?s={search_term_string}\"},\"query-input\":{\"@type\":\"PropertyValueSpecification\",\"valueRequired\":true,\"valueName\":\"search_term_string\"}}],\"inLanguage\":\"pt-BR\"}]}<\/script>\n<!-- \/ Yoast SEO plugin. -->","yoast_head_json":{"title":"CERAMTECH INTERNATIONAL BUSINESS - Ceramtech Neg\u00f3cios Internacionais","robots":{"index":"index","follow":"follow","max-snippet":"max-snippet:-1","max-image-preview":"max-image-preview:large","max-video-preview":"max-video-preview:-1"},"canonical":"https:\/\/www.ceramtech.com.br\/en\/","og_locale":"pt_BR","og_type":"article","og_title":"CERAMTECH INTERNATIONAL BUSINESS - Ceramtech Neg\u00f3cios Internacionais","og_description":"[vc_row full_width=&#8221;stretch_row&#8221; bg_type=&#8221;bg_color&#8221; bg_override=&#8221;ex-full&#8221; type=&#8221;vc_default&#8221; bg_color_value=&#8221;#f5f5f5&#8243; css=&#8221;.vc_custom_1571082880170{padding-top: 40px !important;padding-bottom: 0px !important;}&#8221;][vc_column css=&#8221;.vc_custom_1571082897874{padding-bottom: 40px !important;}&#8221;][vc_single_image image=&#8221;2013&#8243; img_size=&#8221;1100&#215;200&#8243; alignment=&#8221;center&#8221; onclick=&#8221;custom_link&#8221; css=&#8221;.vc_custom_1576507727217{padding-top: 20px !important;}&#8221; link=&#8221;https:\/\/www.ceramtech.com.br\/en\/our-services\/international-business-360o\/&#8221;][\/vc_column][\/vc_row][vc_row full_width=&#8221;stretch_row&#8221; bg_type=&#8221;bg_color&#8221; bg_override=&#8221;ex-full&#8221; type=&#8221;vc_default&#8221; css=&#8221;.vc_custom_1570451455520{padding-top: 20px !important;padding-bottom: 0px !important;}&#8221;][vc_column css=&#8221;.vc_custom_1571083020460{padding-bottom: 20px !important;}&#8221;][\/vc_column][\/vc_row][vc_row][vc_column][vc_column_text] [\/vc_column_text][\/vc_column][\/vc_row]","og_url":"https:\/\/www.ceramtech.com.br\/en\/","og_site_name":"Ceramtech Neg\u00f3cios Internacionais","article_modified_time":"2022-07-11T21:42:46+00:00","twitter_card":"summary_large_image","twitter_misc":{"Est. tempo de leitura":"1 minuto"},"schema":{"@context":"https:\/\/schema.org","@graph":[{"@type":"WebPage","@id":"https:\/\/www.ceramtech.com.br\/en\/","url":"https:\/\/www.ceramtech.com.br\/en\/","name":"CERAMTECH INTERNATIONAL BUSINESS - Ceramtech Neg\u00f3cios Internacionais","isPartOf":{"@id":"https:\/\/www.ceramtech.com.br\/en\/#website"},"datePublished":"2016-01-29T09:51:22+00:00","dateModified":"2022-07-11T21:42:46+00:00","breadcrumb":{"@id":"https:\/\/www.ceramtech.com.br\/en\/#breadcrumb"},"inLanguage":"pt-BR","potentialAction":[{"@type":"ReadAction","target":["https:\/\/www.ceramtech.com.br\/en\/"]}]},{"@type":"BreadcrumbList","@id":"https:\/\/www.ceramtech.com.br\/en\/#breadcrumb","itemListElement":[{"@type":"ListItem","position":1,"name":"In\u00edcio","item":"https:\/\/www.ceramtech.com.br\/en\/"},{"@type":"ListItem","position":2,"name":"CERAMTECH INTERNATIONAL BUSINESS"}]},{"@type":"WebSite","@id":"https:\/\/www.ceramtech.com.br\/en\/#website","url":"https:\/\/www.ceramtech.com.br\/en\/","name":"Ceramtech Neg\u00f3cios Internacionais","description":"Ceramtech Neg\u00f3cios Internacionais","potentialAction":[{"@type":"SearchAction","target":{"@type":"EntryPoint","urlTemplate":"https:\/\/www.ceramtech.com.br\/en\/?s={search_term_string}"},"query-input":{"@type":"PropertyValueSpecification","valueRequired":true,"valueName":"search_term_string"}}],"inLanguage":"pt-BR"}]}},"_links":{"self":[{"href":"https:\/\/www.ceramtech.com.br\/en\/wp-json\/wp\/v2\/pages\/363","targetHints":{"allow":["GET"]}}],"collection":[{"href":"https:\/\/www.ceramtech.com.br\/en\/wp-json\/wp\/v2\/pages"}],"about":[{"href":"https:\/\/www.ceramtech.com.br\/en\/wp-json\/wp\/v2\/types\/page"}],"author":[{"embeddable":true,"href":"https:\/\/www.ceramtech.com.br\/en\/wp-json\/wp\/v2\/users\/1"}],"replies":[{"embeddable":true,"href":"https:\/\/www.ceramtech.com.br\/en\/wp-json\/wp\/v2\/comments?post=363"}],"version-history":[{"count":30,"href":"https:\/\/www.ceramtech.com.br\/en\/wp-json\/wp\/v2\/pages\/363\/revisions"}],"predecessor-version":[{"id":2115,"href":"https:\/\/www.ceramtech.com.br\/en\/wp-json\/wp\/v2\/pages\/363\/revisions\/2115"}],"wp:attachment":[{"href":"https:\/\/www.ceramtech.com.br\/en\/wp-json\/wp\/v2\/media?parent=363"}],"curies":[{"name":"wp","href":"https:\/\/api.w.org\/{rel}","templated":true}]}}