{"id":1847,"date":"2019-10-07T13:42:16","date_gmt":"2019-10-07T16:42:16","guid":{"rendered":"https:\/\/www.ceramtech.com.br\/es\/?page_id=1847"},"modified":"2019-12-05T13:23:04","modified_gmt":"2019-12-05T16:23:04","slug":"estructuracion-financiera","status":"publish","type":"page","link":"https:\/\/www.ceramtech.com.br\/es\/servicios\/estructuracion-financiera\/","title":{"rendered":"ESTRUCTURACI\u00d3N FINANCIERA"},"content":{"rendered":"<div class=\"wpb-content-wrapper\"><p>[vc_row css=&#8221;.vc_custom_1570454097711{padding-top: 20px !important;padding-bottom: 20px !important;}&#8221;][vc_column]<div id=\"ultimate-heading-567669ea49a214c19\" class=\"uvc-heading ult-adjust-bottom-margin ultimate-heading-567669ea49a214c19 uvc-4182 \" data-hspacer=\"no_spacer\"  data-halign=\"left\" style=\"text-align:left\"><div class=\"uvc-heading-spacer no_spacer\" style=\"top\"><\/div><div class=\"uvc-main-heading ult-responsive\"  data-ultimate-target='.uvc-heading.ultimate-heading-567669ea49a214c19 h2'  data-responsive-json-new='{\"font-size\":\"desktop:26px;\",\"line-height\":\"desktop:32px;\"}' ><h2 style=\"font-weight:bold;margin-bottom:20px;\">ESTRUCTURACI\u00d3N FINANCIERA<\/h2><\/div><\/div>[vc_column_text]Siempre estamos buscando la mejor soluci\u00f3n de financiaci\u00f3n del comercio, ya sea a trav\u00e9s de nuestra propia financiaci\u00f3n, garant\u00edas internacionales o asociaciones con los principales bancos nacionales y extranjeros.<\/p>\n<p>Nuestros clientes tienen condiciones especiales y mucha m\u00e1s flexibilidad, como:<\/p>\n<ul>\n<li>Apertura de cartas de cr\u00e9dito;<\/li>\n<li>Financiaci\u00f3n para el pago de gastos e impuestos;<\/li>\n<li>Ingenier\u00eda financiera en la recaudaci\u00f3n de fondos para operaciones de financiaci\u00f3n y cobertura de exportaciones \/ importaciones;<\/li>\n<li>Apoyo en la consulta de legislaci\u00f3n cambiaria;<\/li>\n<li>Listo y futuro cierre de intercambio;<\/li>\n<li>An\u00e1lisis y reestructuraci\u00f3n de cr\u00e9dito en operaciones directas con clientes finales.<\/li>\n<\/ul>\n<p>[\/vc_column_text][\/vc_column][\/vc_row][vc_row][vc_column width=&#8221;1\/3&#8243;][vc_single_image image=&#8221;1910&#8243; img_size=&#8221;350&#215;200&#8243; alignment=&#8221;center&#8221; onclick=&#8221;custom_link&#8221; link=&#8221;https:\/\/www.ceramtech.com.br\/es\/servicios\/estructuracion-financiera\/&#8221;][\/vc_column][vc_column width=&#8221;1\/3&#8243;][vc_single_image image=&#8221;1913&#8243; img_size=&#8221;350&#215;200&#8243; alignment=&#8221;center&#8221; onclick=&#8221;custom_link&#8221; link=&#8221;https:\/\/www.ceramtech.com.br\/es\/servicios\/ingenieria-fiscal\/&#8221;][\/vc_column][vc_column width=&#8221;1\/3&#8243;][vc_single_image image=&#8221;1915&#8243; img_size=&#8221;350&#215;200&#8243; alignment=&#8221;center&#8221; onclick=&#8221;custom_link&#8221; link=&#8221;https:\/\/www.ceramtech.com.br\/es\/servicios\/gestion-operativa\/&#8221;][\/vc_column][\/vc_row][vc_row][vc_column width=&#8221;1\/3&#8243;][vc_single_image image=&#8221;1917&#8243; img_size=&#8221;350&#215;200&#8243; alignment=&#8221;center&#8221; onclick=&#8221;custom_link&#8221; link=&#8221;https:\/\/www.ceramtech.com.br\/es\/servicios\/desarrollo-de-proveedores\/&#8221;][\/vc_column][vc_column width=&#8221;1\/3&#8243;][vc_single_image image=&#8221;1918&#8243; img_size=&#8221;350&#215;200&#8243; alignment=&#8221;center&#8221; onclick=&#8221;custom_link&#8221; link=&#8221;https:\/\/www.ceramtech.com.br\/es\/servicios\/negocios-internacionales-360o\/&#8221;][\/vc_column][vc_column width=&#8221;1\/3&#8243;][vc_single_image image=&#8221;1919&#8243; img_size=&#8221;350&#215;200&#8243; alignment=&#8221;center&#8221; onclick=&#8221;custom_link&#8221; link=&#8221;https:\/\/www.ceramtech.com.br\/es\/servicios\/modelos-de-importacion\/&#8221;][\/vc_column][\/vc_row]<\/p>\n<\/div>","protected":false},"excerpt":{"rendered":"<p>[vc_row css=&#8221;.vc_custom_1570454097711{padding-top: 20px !important;padding-bottom: 20px !important;}&#8221;][vc_column][vc_column_text]Siempre estamos buscando la mejor soluci\u00f3n de financiaci\u00f3n del comercio, ya sea a trav\u00e9s de nuestra propia financiaci\u00f3n, garant\u00edas internacionales o asociaciones con los principales bancos nacionales y extranjeros. Nuestros clientes tienen condiciones especiales y mucha m\u00e1s flexibilidad, como: Apertura de cartas de cr\u00e9dito; Financiaci\u00f3n para el pago de gastos&hellip;<\/p>\n","protected":false},"author":1,"featured_media":0,"parent":1839,"menu_order":100,"comment_status":"closed","ping_status":"closed","template":"","meta":{"footnotes":""},"class_list":["post-1847","page","type-page","status-publish","hentry","description-off"],"yoast_head":"<!-- This site is optimized with the Yoast SEO plugin v27.2 - https:\/\/yoast.com\/product\/yoast-seo-wordpress\/ -->\n<title>ESTRUCTURACI\u00d3N FINANCIERA - Ceramtech Neg\u00f3cios Internacionais<\/title>\n<meta name=\"robots\" content=\"index, follow, max-snippet:-1, max-image-preview:large, max-video-preview:-1\" \/>\n<link rel=\"canonical\" href=\"https:\/\/www.ceramtech.com.br\/es\/servicios\/estructuracion-financiera\/\" \/>\n<meta property=\"og:locale\" content=\"pt_BR\" \/>\n<meta property=\"og:type\" content=\"article\" \/>\n<meta property=\"og:title\" content=\"ESTRUCTURACI\u00d3N FINANCIERA - Ceramtech Neg\u00f3cios Internacionais\" \/>\n<meta property=\"og:description\" content=\"[vc_row css=&#8221;.vc_custom_1570454097711{padding-top: 20px !important;padding-bottom: 20px !important;}&#8221;][vc_column][vc_column_text]Siempre estamos buscando la mejor soluci\u00f3n de financiaci\u00f3n del comercio, ya sea a trav\u00e9s de nuestra propia financiaci\u00f3n, garant\u00edas internacionales o asociaciones con los principales bancos nacionales y extranjeros. Nuestros clientes tienen condiciones especiales y mucha m\u00e1s flexibilidad, como: Apertura de cartas de cr\u00e9dito; Financiaci\u00f3n para el pago de gastos&hellip;\" \/>\n<meta property=\"og:url\" content=\"https:\/\/www.ceramtech.com.br\/es\/servicios\/estructuracion-financiera\/\" \/>\n<meta property=\"og:site_name\" content=\"Ceramtech Neg\u00f3cios Internacionais\" \/>\n<meta property=\"article:modified_time\" content=\"2019-12-05T16:23:04+00:00\" \/>\n<meta name=\"twitter:card\" content=\"summary_large_image\" \/>\n<meta name=\"twitter:label1\" content=\"Est. tempo de leitura\" \/>\n\t<meta name=\"twitter:data1\" content=\"2 minutos\" \/>\n<script type=\"application\/ld+json\" class=\"yoast-schema-graph\">{\"@context\":\"https:\/\/schema.org\",\"@graph\":[{\"@type\":\"WebPage\",\"@id\":\"https:\/\/www.ceramtech.com.br\/es\/servicios\/estructuracion-financiera\/\",\"url\":\"https:\/\/www.ceramtech.com.br\/es\/servicios\/estructuracion-financiera\/\",\"name\":\"ESTRUCTURACI\u00d3N FINANCIERA - Ceramtech Neg\u00f3cios Internacionais\",\"isPartOf\":{\"@id\":\"https:\/\/www.ceramtech.com.br\/es\/#website\"},\"datePublished\":\"2019-10-07T16:42:16+00:00\",\"dateModified\":\"2019-12-05T16:23:04+00:00\",\"breadcrumb\":{\"@id\":\"https:\/\/www.ceramtech.com.br\/es\/servicios\/estructuracion-financiera\/#breadcrumb\"},\"inLanguage\":\"pt-BR\",\"potentialAction\":[{\"@type\":\"ReadAction\",\"target\":[\"https:\/\/www.ceramtech.com.br\/es\/servicios\/estructuracion-financiera\/\"]}]},{\"@type\":\"BreadcrumbList\",\"@id\":\"https:\/\/www.ceramtech.com.br\/es\/servicios\/estructuracion-financiera\/#breadcrumb\",\"itemListElement\":[{\"@type\":\"ListItem\",\"position\":1,\"name\":\"In\u00edcio\",\"item\":\"https:\/\/www.ceramtech.com.br\/es\/\"},{\"@type\":\"ListItem\",\"position\":2,\"name\":\"SERVICIOS\",\"item\":\"https:\/\/www.ceramtech.com.br\/es\/servicios\/\"},{\"@type\":\"ListItem\",\"position\":3,\"name\":\"ESTRUCTURACI\u00d3N FINANCIERA\"}]},{\"@type\":\"WebSite\",\"@id\":\"https:\/\/www.ceramtech.com.br\/es\/#website\",\"url\":\"https:\/\/www.ceramtech.com.br\/es\/\",\"name\":\"Ceramtech Neg\u00f3cios Internacionais\",\"description\":\"Ceramtech Neg\u00f3cios Internacionais\",\"potentialAction\":[{\"@type\":\"SearchAction\",\"target\":{\"@type\":\"EntryPoint\",\"urlTemplate\":\"https:\/\/www.ceramtech.com.br\/es\/?s={search_term_string}\"},\"query-input\":{\"@type\":\"PropertyValueSpecification\",\"valueRequired\":true,\"valueName\":\"search_term_string\"}}],\"inLanguage\":\"pt-BR\"}]}<\/script>\n<!-- \/ Yoast SEO plugin. -->","yoast_head_json":{"title":"ESTRUCTURACI\u00d3N FINANCIERA - Ceramtech Neg\u00f3cios Internacionais","robots":{"index":"index","follow":"follow","max-snippet":"max-snippet:-1","max-image-preview":"max-image-preview:large","max-video-preview":"max-video-preview:-1"},"canonical":"https:\/\/www.ceramtech.com.br\/es\/servicios\/estructuracion-financiera\/","og_locale":"pt_BR","og_type":"article","og_title":"ESTRUCTURACI\u00d3N FINANCIERA - Ceramtech Neg\u00f3cios Internacionais","og_description":"[vc_row css=&#8221;.vc_custom_1570454097711{padding-top: 20px !important;padding-bottom: 20px !important;}&#8221;][vc_column][vc_column_text]Siempre estamos buscando la mejor soluci\u00f3n de financiaci\u00f3n del comercio, ya sea a trav\u00e9s de nuestra propia financiaci\u00f3n, garant\u00edas internacionales o asociaciones con los principales bancos nacionales y extranjeros. Nuestros clientes tienen condiciones especiales y mucha m\u00e1s flexibilidad, como: Apertura de cartas de cr\u00e9dito; Financiaci\u00f3n para el pago de gastos&hellip;","og_url":"https:\/\/www.ceramtech.com.br\/es\/servicios\/estructuracion-financiera\/","og_site_name":"Ceramtech Neg\u00f3cios Internacionais","article_modified_time":"2019-12-05T16:23:04+00:00","twitter_card":"summary_large_image","twitter_misc":{"Est. tempo de leitura":"2 minutos"},"schema":{"@context":"https:\/\/schema.org","@graph":[{"@type":"WebPage","@id":"https:\/\/www.ceramtech.com.br\/es\/servicios\/estructuracion-financiera\/","url":"https:\/\/www.ceramtech.com.br\/es\/servicios\/estructuracion-financiera\/","name":"ESTRUCTURACI\u00d3N FINANCIERA - Ceramtech Neg\u00f3cios Internacionais","isPartOf":{"@id":"https:\/\/www.ceramtech.com.br\/es\/#website"},"datePublished":"2019-10-07T16:42:16+00:00","dateModified":"2019-12-05T16:23:04+00:00","breadcrumb":{"@id":"https:\/\/www.ceramtech.com.br\/es\/servicios\/estructuracion-financiera\/#breadcrumb"},"inLanguage":"pt-BR","potentialAction":[{"@type":"ReadAction","target":["https:\/\/www.ceramtech.com.br\/es\/servicios\/estructuracion-financiera\/"]}]},{"@type":"BreadcrumbList","@id":"https:\/\/www.ceramtech.com.br\/es\/servicios\/estructuracion-financiera\/#breadcrumb","itemListElement":[{"@type":"ListItem","position":1,"name":"In\u00edcio","item":"https:\/\/www.ceramtech.com.br\/es\/"},{"@type":"ListItem","position":2,"name":"SERVICIOS","item":"https:\/\/www.ceramtech.com.br\/es\/servicios\/"},{"@type":"ListItem","position":3,"name":"ESTRUCTURACI\u00d3N FINANCIERA"}]},{"@type":"WebSite","@id":"https:\/\/www.ceramtech.com.br\/es\/#website","url":"https:\/\/www.ceramtech.com.br\/es\/","name":"Ceramtech Neg\u00f3cios Internacionais","description":"Ceramtech Neg\u00f3cios Internacionais","potentialAction":[{"@type":"SearchAction","target":{"@type":"EntryPoint","urlTemplate":"https:\/\/www.ceramtech.com.br\/es\/?s={search_term_string}"},"query-input":{"@type":"PropertyValueSpecification","valueRequired":true,"valueName":"search_term_string"}}],"inLanguage":"pt-BR"}]}},"_links":{"self":[{"href":"https:\/\/www.ceramtech.com.br\/es\/wp-json\/wp\/v2\/pages\/1847","targetHints":{"allow":["GET"]}}],"collection":[{"href":"https:\/\/www.ceramtech.com.br\/es\/wp-json\/wp\/v2\/pages"}],"about":[{"href":"https:\/\/www.ceramtech.com.br\/es\/wp-json\/wp\/v2\/types\/page"}],"author":[{"embeddable":true,"href":"https:\/\/www.ceramtech.com.br\/es\/wp-json\/wp\/v2\/users\/1"}],"replies":[{"embeddable":true,"href":"https:\/\/www.ceramtech.com.br\/es\/wp-json\/wp\/v2\/comments?post=1847"}],"version-history":[{"count":4,"href":"https:\/\/www.ceramtech.com.br\/es\/wp-json\/wp\/v2\/pages\/1847\/revisions"}],"predecessor-version":[{"id":1979,"href":"https:\/\/www.ceramtech.com.br\/es\/wp-json\/wp\/v2\/pages\/1847\/revisions\/1979"}],"up":[{"embeddable":true,"href":"https:\/\/www.ceramtech.com.br\/es\/wp-json\/wp\/v2\/pages\/1839"}],"wp:attachment":[{"href":"https:\/\/www.ceramtech.com.br\/es\/wp-json\/wp\/v2\/media?parent=1847"}],"curies":[{"name":"wp","href":"https:\/\/api.w.org\/{rel}","templated":true}]}}