{"id":1853,"date":"2019-10-07T13:49:06","date_gmt":"2019-10-07T16:49:06","guid":{"rendered":"https:\/\/www.ceramtech.com.br\/es\/?page_id=1853"},"modified":"2019-12-05T13:24:24","modified_gmt":"2019-12-05T16:24:24","slug":"desarrollo-de-proveedores","status":"publish","type":"page","link":"https:\/\/www.ceramtech.com.br\/es\/servicios\/desarrollo-de-proveedores\/","title":{"rendered":"DESARROLLO DE PROVEEDORES"},"content":{"rendered":"<div class=\"wpb-content-wrapper\"><p>[vc_row css=&#8221;.vc_custom_1570454097711{padding-top: 20px !important;padding-bottom: 20px !important;}&#8221;][vc_column]<div id=\"ultimate-heading-886869ea499426b86\" class=\"uvc-heading ult-adjust-bottom-margin ultimate-heading-886869ea499426b86 uvc-2306 \" data-hspacer=\"no_spacer\"  data-halign=\"left\" style=\"text-align:left\"><div class=\"uvc-heading-spacer no_spacer\" style=\"top\"><\/div><div class=\"uvc-main-heading ult-responsive\"  data-ultimate-target='.uvc-heading.ultimate-heading-886869ea499426b86 h2'  data-responsive-json-new='{\"font-size\":\"desktop:26px;\",\"line-height\":\"desktop:32px;\"}' ><h2 style=\"font-weight:bold;margin-bottom:20px;\">DESARROLLO DE PROVEEDORES<\/h2><\/div><\/div>[vc_column_text]<\/p>\n<p style=\"text-align: justify;\">Tenemos agentes y socios en diferentes pa\u00edses y continentes de diferentes segmentos industriales y de servicios.<\/p>\n<ul>\n<li style=\"text-align: justify;\">Desarrollo: identificaci\u00f3n de fuentes de materias primas, productos y m\u00e1quinas, siguiendo dibujos, hojas de datos o especificaciones de ingenier\u00eda.<\/li>\n<li style=\"text-align: left;\">Contratos: Elaboraci\u00f3n de contratos entre cliente x proveedor, con el objetivo de acuerdos de cooperaci\u00f3n a largo plazo.<\/li>\n<li style=\"text-align: justify;\">Auditor\u00eda de proveedores: auditor\u00eda de productos en el punto de suministro para garantizar el env\u00edo de acuerdo con los requisitos t\u00e9cnicos previos.<\/li>\n<\/ul>\n<p>[\/vc_column_text][\/vc_column][\/vc_row][vc_row][vc_column][vc_column_text]<\/p>\n<p>[\/vc_column_text][\/vc_column][\/vc_row][vc_row][vc_column width=&#8221;1\/3&#8243;][vc_single_image image=&#8221;1910&#8243; img_size=&#8221;350&#215;200&#8243; alignment=&#8221;center&#8221; onclick=&#8221;custom_link&#8221; link=&#8221;https:\/\/www.ceramtech.com.br\/es\/servicios\/estructuracion-financiera\/&#8221;][\/vc_column][vc_column width=&#8221;1\/3&#8243;][vc_single_image image=&#8221;1913&#8243; img_size=&#8221;350&#215;200&#8243; alignment=&#8221;center&#8221; onclick=&#8221;custom_link&#8221; link=&#8221;https:\/\/www.ceramtech.com.br\/es\/servicios\/ingenieria-fiscal\/&#8221;][\/vc_column][vc_column width=&#8221;1\/3&#8243;][vc_single_image image=&#8221;1915&#8243; img_size=&#8221;350&#215;200&#8243; alignment=&#8221;center&#8221; onclick=&#8221;custom_link&#8221; link=&#8221;https:\/\/www.ceramtech.com.br\/es\/servicios\/gestion-operativa\/&#8221;][\/vc_column][\/vc_row][vc_row][vc_column width=&#8221;1\/3&#8243;][vc_single_image image=&#8221;1917&#8243; img_size=&#8221;350&#215;200&#8243; alignment=&#8221;center&#8221; onclick=&#8221;custom_link&#8221; link=&#8221;https:\/\/www.ceramtech.com.br\/es\/servicios\/desarrollo-de-proveedores\/&#8221;][\/vc_column][vc_column width=&#8221;1\/3&#8243;][vc_single_image image=&#8221;1918&#8243; img_size=&#8221;350&#215;200&#8243; alignment=&#8221;center&#8221; onclick=&#8221;custom_link&#8221; link=&#8221;https:\/\/www.ceramtech.com.br\/es\/servicios\/negocios-internacionales-360o\/&#8221;][\/vc_column][vc_column width=&#8221;1\/3&#8243;][vc_single_image image=&#8221;1919&#8243; img_size=&#8221;350&#215;200&#8243; alignment=&#8221;center&#8221; onclick=&#8221;custom_link&#8221; link=&#8221;https:\/\/www.ceramtech.com.br\/es\/servicios\/modelos-de-importacion\/&#8221;][\/vc_column][\/vc_row]<\/p>\n<\/div>","protected":false},"excerpt":{"rendered":"<p>[vc_row css=&#8221;.vc_custom_1570454097711{padding-top: 20px !important;padding-bottom: 20px !important;}&#8221;][vc_column][vc_column_text] Tenemos agentes y socios en diferentes pa\u00edses y continentes de diferentes segmentos industriales y de servicios. Desarrollo: identificaci\u00f3n de fuentes de materias primas, productos y m\u00e1quinas, siguiendo dibujos, hojas de datos o especificaciones de ingenier\u00eda. Contratos: Elaboraci\u00f3n de contratos entre cliente x proveedor, con el objetivo de acuerdos de&hellip;<\/p>\n","protected":false},"author":1,"featured_media":0,"parent":1839,"menu_order":100,"comment_status":"closed","ping_status":"closed","template":"","meta":{"footnotes":""},"class_list":["post-1853","page","type-page","status-publish","hentry","description-off"],"yoast_head":"<!-- This site is optimized with the Yoast SEO plugin v27.2 - https:\/\/yoast.com\/product\/yoast-seo-wordpress\/ -->\n<title>DESARROLLO DE PROVEEDORES - Ceramtech Neg\u00f3cios Internacionais<\/title>\n<meta name=\"robots\" content=\"index, follow, max-snippet:-1, max-image-preview:large, max-video-preview:-1\" \/>\n<link rel=\"canonical\" href=\"https:\/\/www.ceramtech.com.br\/es\/servicios\/desarrollo-de-proveedores\/\" \/>\n<meta property=\"og:locale\" content=\"pt_BR\" \/>\n<meta property=\"og:type\" content=\"article\" \/>\n<meta property=\"og:title\" content=\"DESARROLLO DE PROVEEDORES - Ceramtech Neg\u00f3cios Internacionais\" \/>\n<meta property=\"og:description\" content=\"[vc_row css=&#8221;.vc_custom_1570454097711{padding-top: 20px !important;padding-bottom: 20px !important;}&#8221;][vc_column][vc_column_text] Tenemos agentes y socios en diferentes pa\u00edses y continentes de diferentes segmentos industriales y de servicios. Desarrollo: identificaci\u00f3n de fuentes de materias primas, productos y m\u00e1quinas, siguiendo dibujos, hojas de datos o especificaciones de ingenier\u00eda. Contratos: Elaboraci\u00f3n de contratos entre cliente x proveedor, con el objetivo de acuerdos de&hellip;\" \/>\n<meta property=\"og:url\" content=\"https:\/\/www.ceramtech.com.br\/es\/servicios\/desarrollo-de-proveedores\/\" \/>\n<meta property=\"og:site_name\" content=\"Ceramtech Neg\u00f3cios Internacionais\" \/>\n<meta property=\"article:modified_time\" content=\"2019-12-05T16:24:24+00:00\" \/>\n<meta name=\"twitter:card\" content=\"summary_large_image\" \/>\n<meta name=\"twitter:label1\" content=\"Est. tempo de leitura\" \/>\n\t<meta name=\"twitter:data1\" content=\"2 minutos\" \/>\n<script type=\"application\/ld+json\" class=\"yoast-schema-graph\">{\"@context\":\"https:\/\/schema.org\",\"@graph\":[{\"@type\":\"WebPage\",\"@id\":\"https:\/\/www.ceramtech.com.br\/es\/servicios\/desarrollo-de-proveedores\/\",\"url\":\"https:\/\/www.ceramtech.com.br\/es\/servicios\/desarrollo-de-proveedores\/\",\"name\":\"DESARROLLO DE PROVEEDORES - Ceramtech Neg\u00f3cios Internacionais\",\"isPartOf\":{\"@id\":\"https:\/\/www.ceramtech.com.br\/es\/#website\"},\"datePublished\":\"2019-10-07T16:49:06+00:00\",\"dateModified\":\"2019-12-05T16:24:24+00:00\",\"breadcrumb\":{\"@id\":\"https:\/\/www.ceramtech.com.br\/es\/servicios\/desarrollo-de-proveedores\/#breadcrumb\"},\"inLanguage\":\"pt-BR\",\"potentialAction\":[{\"@type\":\"ReadAction\",\"target\":[\"https:\/\/www.ceramtech.com.br\/es\/servicios\/desarrollo-de-proveedores\/\"]}]},{\"@type\":\"BreadcrumbList\",\"@id\":\"https:\/\/www.ceramtech.com.br\/es\/servicios\/desarrollo-de-proveedores\/#breadcrumb\",\"itemListElement\":[{\"@type\":\"ListItem\",\"position\":1,\"name\":\"In\u00edcio\",\"item\":\"https:\/\/www.ceramtech.com.br\/es\/\"},{\"@type\":\"ListItem\",\"position\":2,\"name\":\"SERVICIOS\",\"item\":\"https:\/\/www.ceramtech.com.br\/es\/servicios\/\"},{\"@type\":\"ListItem\",\"position\":3,\"name\":\"DESARROLLO DE PROVEEDORES\"}]},{\"@type\":\"WebSite\",\"@id\":\"https:\/\/www.ceramtech.com.br\/es\/#website\",\"url\":\"https:\/\/www.ceramtech.com.br\/es\/\",\"name\":\"Ceramtech Neg\u00f3cios Internacionais\",\"description\":\"Ceramtech Neg\u00f3cios Internacionais\",\"potentialAction\":[{\"@type\":\"SearchAction\",\"target\":{\"@type\":\"EntryPoint\",\"urlTemplate\":\"https:\/\/www.ceramtech.com.br\/es\/?s={search_term_string}\"},\"query-input\":{\"@type\":\"PropertyValueSpecification\",\"valueRequired\":true,\"valueName\":\"search_term_string\"}}],\"inLanguage\":\"pt-BR\"}]}<\/script>\n<!-- \/ Yoast SEO plugin. -->","yoast_head_json":{"title":"DESARROLLO DE PROVEEDORES - Ceramtech Neg\u00f3cios Internacionais","robots":{"index":"index","follow":"follow","max-snippet":"max-snippet:-1","max-image-preview":"max-image-preview:large","max-video-preview":"max-video-preview:-1"},"canonical":"https:\/\/www.ceramtech.com.br\/es\/servicios\/desarrollo-de-proveedores\/","og_locale":"pt_BR","og_type":"article","og_title":"DESARROLLO DE PROVEEDORES - Ceramtech Neg\u00f3cios Internacionais","og_description":"[vc_row css=&#8221;.vc_custom_1570454097711{padding-top: 20px !important;padding-bottom: 20px !important;}&#8221;][vc_column][vc_column_text] Tenemos agentes y socios en diferentes pa\u00edses y continentes de diferentes segmentos industriales y de servicios. Desarrollo: identificaci\u00f3n de fuentes de materias primas, productos y m\u00e1quinas, siguiendo dibujos, hojas de datos o especificaciones de ingenier\u00eda. Contratos: Elaboraci\u00f3n de contratos entre cliente x proveedor, con el objetivo de acuerdos de&hellip;","og_url":"https:\/\/www.ceramtech.com.br\/es\/servicios\/desarrollo-de-proveedores\/","og_site_name":"Ceramtech Neg\u00f3cios Internacionais","article_modified_time":"2019-12-05T16:24:24+00:00","twitter_card":"summary_large_image","twitter_misc":{"Est. tempo de leitura":"2 minutos"},"schema":{"@context":"https:\/\/schema.org","@graph":[{"@type":"WebPage","@id":"https:\/\/www.ceramtech.com.br\/es\/servicios\/desarrollo-de-proveedores\/","url":"https:\/\/www.ceramtech.com.br\/es\/servicios\/desarrollo-de-proveedores\/","name":"DESARROLLO DE PROVEEDORES - Ceramtech Neg\u00f3cios Internacionais","isPartOf":{"@id":"https:\/\/www.ceramtech.com.br\/es\/#website"},"datePublished":"2019-10-07T16:49:06+00:00","dateModified":"2019-12-05T16:24:24+00:00","breadcrumb":{"@id":"https:\/\/www.ceramtech.com.br\/es\/servicios\/desarrollo-de-proveedores\/#breadcrumb"},"inLanguage":"pt-BR","potentialAction":[{"@type":"ReadAction","target":["https:\/\/www.ceramtech.com.br\/es\/servicios\/desarrollo-de-proveedores\/"]}]},{"@type":"BreadcrumbList","@id":"https:\/\/www.ceramtech.com.br\/es\/servicios\/desarrollo-de-proveedores\/#breadcrumb","itemListElement":[{"@type":"ListItem","position":1,"name":"In\u00edcio","item":"https:\/\/www.ceramtech.com.br\/es\/"},{"@type":"ListItem","position":2,"name":"SERVICIOS","item":"https:\/\/www.ceramtech.com.br\/es\/servicios\/"},{"@type":"ListItem","position":3,"name":"DESARROLLO DE PROVEEDORES"}]},{"@type":"WebSite","@id":"https:\/\/www.ceramtech.com.br\/es\/#website","url":"https:\/\/www.ceramtech.com.br\/es\/","name":"Ceramtech Neg\u00f3cios Internacionais","description":"Ceramtech Neg\u00f3cios Internacionais","potentialAction":[{"@type":"SearchAction","target":{"@type":"EntryPoint","urlTemplate":"https:\/\/www.ceramtech.com.br\/es\/?s={search_term_string}"},"query-input":{"@type":"PropertyValueSpecification","valueRequired":true,"valueName":"search_term_string"}}],"inLanguage":"pt-BR"}]}},"_links":{"self":[{"href":"https:\/\/www.ceramtech.com.br\/es\/wp-json\/wp\/v2\/pages\/1853","targetHints":{"allow":["GET"]}}],"collection":[{"href":"https:\/\/www.ceramtech.com.br\/es\/wp-json\/wp\/v2\/pages"}],"about":[{"href":"https:\/\/www.ceramtech.com.br\/es\/wp-json\/wp\/v2\/types\/page"}],"author":[{"embeddable":true,"href":"https:\/\/www.ceramtech.com.br\/es\/wp-json\/wp\/v2\/users\/1"}],"replies":[{"embeddable":true,"href":"https:\/\/www.ceramtech.com.br\/es\/wp-json\/wp\/v2\/comments?post=1853"}],"version-history":[{"count":3,"href":"https:\/\/www.ceramtech.com.br\/es\/wp-json\/wp\/v2\/pages\/1853\/revisions"}],"predecessor-version":[{"id":1980,"href":"https:\/\/www.ceramtech.com.br\/es\/wp-json\/wp\/v2\/pages\/1853\/revisions\/1980"}],"up":[{"embeddable":true,"href":"https:\/\/www.ceramtech.com.br\/es\/wp-json\/wp\/v2\/pages\/1839"}],"wp:attachment":[{"href":"https:\/\/www.ceramtech.com.br\/es\/wp-json\/wp\/v2\/media?parent=1853"}],"curies":[{"name":"wp","href":"https:\/\/api.w.org\/{rel}","templated":true}]}}