{"id":1855,"date":"2019-10-07T13:52:16","date_gmt":"2019-10-07T16:52:16","guid":{"rendered":"https:\/\/www.ceramtech.com.br\/es\/?page_id=1855"},"modified":"2019-12-05T13:29:19","modified_gmt":"2019-12-05T16:29:19","slug":"modelos-de-importacion","status":"publish","type":"page","link":"https:\/\/www.ceramtech.com.br\/es\/servicios\/modelos-de-importacion\/","title":{"rendered":"MODELOS DE IMPORTACI\u00d3N"},"content":{"rendered":"<div class=\"wpb-content-wrapper\"><p>[vc_row css=&#8221;.vc_custom_1570454097711{padding-top: 20px !important;padding-bottom: 20px !important;}&#8221;][vc_column]<div id=\"ultimate-heading-646969ea49a18ecfe\" class=\"uvc-heading ult-adjust-bottom-margin ultimate-heading-646969ea49a18ecfe uvc-3494 \" data-hspacer=\"no_spacer\"  data-halign=\"left\" style=\"text-align:left\"><div class=\"uvc-heading-spacer no_spacer\" style=\"top\"><\/div><div class=\"uvc-main-heading ult-responsive\"  data-ultimate-target='.uvc-heading.ultimate-heading-646969ea49a18ecfe h2'  data-responsive-json-new='{\"font-size\":\"desktop:26px;\",\"line-height\":\"desktop:32px;\"}' ><h2 style=\"font-weight:bold;margin-bottom:20px;\">MODELOS DE IMPORTACI\u00d3N<\/h2><\/div><\/div>[vc_column_text]<\/p>\n<p style=\"text-align: justify;\"><strong>IMPORTAR POR PEDIDO<\/strong><\/p>\n<p style=\"text-align: justify;\">Operaci\u00f3n de importaci\u00f3n regulada por el gobierno brasile\u00f1o a trav\u00e9s de la Secretar\u00eda de Ingresos Federales, que establece varios requisitos que deben cumplir los encargados de pedidos e importadores.<\/p>\n<p style=\"text-align: justify;\">Las partes deben establecer un contrato de compra y venta por orden. Este instrumento debe ser presentado para su an\u00e1lisis por la Secretar\u00eda de Ingresos Federales donde est\u00e1 domiciliada la parte que realiza el pedido, momento en el cual los CNPJ de ambos estar\u00e1n vinculados. Dicha vinculaci\u00f3n, realizada en SIscomex., Permite el inicio de operaciones de importaci\u00f3n de diversos bienes.<\/p>\n<p style=\"text-align: justify;\"><strong>IMPORTACI\u00d3N POR CUENTA Y ORDEN DE TERCEROS<\/strong><\/p>\n<p style=\"text-align: justify;\">Tipo de operaci\u00f3n de importaci\u00f3n regulada por el gobierno brasile\u00f1o a trav\u00e9s de la Secretar\u00eda de Ingresos Federales, en la cual el comprador de los bienes puede adelantar recursos al importador, ya que esta operaci\u00f3n se caracteriza por la prestaci\u00f3n de servicios de importaci\u00f3n.<\/p>\n<p style=\"text-align: justify;\"><strong>OPERACIONES PROPIAS<\/strong><\/p>\n<p style=\"text-align: justify;\">Importamos y exportamos productos al mercado, con la responsabilidad de todo el proceso de nacionalizaci\u00f3n, distribuci\u00f3n y venta;<\/p>\n<p style=\"text-align: justify;\"><strong>OPERACIONES DIRECTAS<\/strong><\/p>\n<p style=\"text-align: justify;\">Terra Nova opera directamente en operaciones de importaci\u00f3n para empresas que ya tienen proveedores y \/ o clientes para sus productos;<\/p>\n<p style=\"text-align: justify;\"><strong>OPERACIONES PERSONALIZADAS Y DE CADENA DE SUMINISTRO<\/strong><\/p>\n<p style=\"text-align: justify;\">Operamos completamente en todas las etapas de la cadena, incluida la distribuci\u00f3n y postventa, desde la identificaci\u00f3n y captura de proveedores hasta la postventa. Trabajamos con la virtualizaci\u00f3n de la industria, que incluye el abastecimiento global, la aprobaci\u00f3n y certificaci\u00f3n del fabricante, el monitoreo de la producci\u00f3n, el financiamiento del ciclo comercial y una amplia cobertura de posventa.<\/p>\n<p style=\"text-align: left;\">Sin embargo, abrirse a nuevos negocios es una de las principales caracter\u00edsticas de Terra Nova, que mantiene una flexibilidad total para adaptar las operaciones a las necesidades de nuestros clientes.<\/p>\n<p>[\/vc_column_text][\/vc_column][\/vc_row][vc_row][vc_column width=&#8221;1\/3&#8243;][vc_single_image image=&#8221;1910&#8243; img_size=&#8221;350&#215;200&#8243; alignment=&#8221;center&#8221; onclick=&#8221;custom_link&#8221; link=&#8221;https:\/\/www.ceramtech.com.br\/es\/servicios\/estructuracion-financiera\/&#8221;][\/vc_column][vc_column width=&#8221;1\/3&#8243;][vc_single_image image=&#8221;1913&#8243; img_size=&#8221;350&#215;200&#8243; alignment=&#8221;center&#8221; onclick=&#8221;custom_link&#8221; link=&#8221;https:\/\/www.ceramtech.com.br\/es\/servicios\/ingenieria-fiscal\/&#8221;][\/vc_column][vc_column width=&#8221;1\/3&#8243;][vc_single_image image=&#8221;1915&#8243; img_size=&#8221;350&#215;200&#8243; alignment=&#8221;center&#8221; onclick=&#8221;custom_link&#8221; link=&#8221;https:\/\/www.ceramtech.com.br\/es\/servicios\/gestion-operativa\/&#8221;][\/vc_column][\/vc_row][vc_row][vc_column width=&#8221;1\/3&#8243;][vc_single_image image=&#8221;1917&#8243; img_size=&#8221;350&#215;200&#8243; alignment=&#8221;center&#8221; onclick=&#8221;custom_link&#8221; link=&#8221;https:\/\/www.ceramtech.com.br\/es\/servicios\/desarrollo-de-proveedores\/&#8221;][\/vc_column][vc_column width=&#8221;1\/3&#8243;][vc_single_image image=&#8221;1918&#8243; img_size=&#8221;350&#215;200&#8243; alignment=&#8221;center&#8221; onclick=&#8221;custom_link&#8221; link=&#8221;https:\/\/www.ceramtech.com.br\/es\/servicios\/negocios-internacionales-360o\/&#8221;][\/vc_column][vc_column width=&#8221;1\/3&#8243;][vc_single_image image=&#8221;1919&#8243; img_size=&#8221;350&#215;200&#8243; alignment=&#8221;center&#8221; onclick=&#8221;custom_link&#8221; link=&#8221;https:\/\/www.ceramtech.com.br\/es\/servicios\/modelos-de-importacion\/&#8221;][\/vc_column][\/vc_row]<\/p>\n<\/div>","protected":false},"excerpt":{"rendered":"<p>[vc_row css=&#8221;.vc_custom_1570454097711{padding-top: 20px !important;padding-bottom: 20px !important;}&#8221;][vc_column][vc_column_text] IMPORTAR POR PEDIDO Operaci\u00f3n de importaci\u00f3n regulada por el gobierno brasile\u00f1o a trav\u00e9s de la Secretar\u00eda de Ingresos Federales, que establece varios requisitos que deben cumplir los encargados de pedidos e importadores. Las partes deben establecer un contrato de compra y venta por orden. Este instrumento debe ser presentado&hellip;<\/p>\n","protected":false},"author":1,"featured_media":0,"parent":1839,"menu_order":100,"comment_status":"closed","ping_status":"closed","template":"","meta":{"footnotes":""},"class_list":["post-1855","page","type-page","status-publish","hentry","description-off"],"yoast_head":"<!-- This site is optimized with the Yoast SEO plugin v27.2 - https:\/\/yoast.com\/product\/yoast-seo-wordpress\/ -->\n<title>MODELOS DE IMPORTACI\u00d3N - Ceramtech Neg\u00f3cios Internacionais<\/title>\n<meta name=\"robots\" content=\"index, follow, max-snippet:-1, max-image-preview:large, max-video-preview:-1\" \/>\n<link rel=\"canonical\" href=\"https:\/\/www.ceramtech.com.br\/es\/servicios\/modelos-de-importacion\/\" \/>\n<meta property=\"og:locale\" content=\"pt_BR\" \/>\n<meta property=\"og:type\" content=\"article\" \/>\n<meta property=\"og:title\" content=\"MODELOS DE IMPORTACI\u00d3N - Ceramtech Neg\u00f3cios Internacionais\" \/>\n<meta property=\"og:description\" content=\"[vc_row css=&#8221;.vc_custom_1570454097711{padding-top: 20px !important;padding-bottom: 20px !important;}&#8221;][vc_column][vc_column_text] IMPORTAR POR PEDIDO Operaci\u00f3n de importaci\u00f3n regulada por el gobierno brasile\u00f1o a trav\u00e9s de la Secretar\u00eda de Ingresos Federales, que establece varios requisitos que deben cumplir los encargados de pedidos e importadores. Las partes deben establecer un contrato de compra y venta por orden. Este instrumento debe ser presentado&hellip;\" \/>\n<meta property=\"og:url\" content=\"https:\/\/www.ceramtech.com.br\/es\/servicios\/modelos-de-importacion\/\" \/>\n<meta property=\"og:site_name\" content=\"Ceramtech Neg\u00f3cios Internacionais\" \/>\n<meta property=\"article:modified_time\" content=\"2019-12-05T16:29:19+00:00\" \/>\n<meta name=\"twitter:card\" content=\"summary_large_image\" \/>\n<meta name=\"twitter:label1\" content=\"Est. tempo de leitura\" \/>\n\t<meta name=\"twitter:data1\" content=\"3 minutos\" \/>\n<script type=\"application\/ld+json\" class=\"yoast-schema-graph\">{\"@context\":\"https:\/\/schema.org\",\"@graph\":[{\"@type\":\"WebPage\",\"@id\":\"https:\/\/www.ceramtech.com.br\/es\/servicios\/modelos-de-importacion\/\",\"url\":\"https:\/\/www.ceramtech.com.br\/es\/servicios\/modelos-de-importacion\/\",\"name\":\"MODELOS DE IMPORTACI\u00d3N - Ceramtech Neg\u00f3cios Internacionais\",\"isPartOf\":{\"@id\":\"https:\/\/www.ceramtech.com.br\/es\/#website\"},\"datePublished\":\"2019-10-07T16:52:16+00:00\",\"dateModified\":\"2019-12-05T16:29:19+00:00\",\"breadcrumb\":{\"@id\":\"https:\/\/www.ceramtech.com.br\/es\/servicios\/modelos-de-importacion\/#breadcrumb\"},\"inLanguage\":\"pt-BR\",\"potentialAction\":[{\"@type\":\"ReadAction\",\"target\":[\"https:\/\/www.ceramtech.com.br\/es\/servicios\/modelos-de-importacion\/\"]}]},{\"@type\":\"BreadcrumbList\",\"@id\":\"https:\/\/www.ceramtech.com.br\/es\/servicios\/modelos-de-importacion\/#breadcrumb\",\"itemListElement\":[{\"@type\":\"ListItem\",\"position\":1,\"name\":\"In\u00edcio\",\"item\":\"https:\/\/www.ceramtech.com.br\/es\/\"},{\"@type\":\"ListItem\",\"position\":2,\"name\":\"SERVICIOS\",\"item\":\"https:\/\/www.ceramtech.com.br\/es\/servicios\/\"},{\"@type\":\"ListItem\",\"position\":3,\"name\":\"MODELOS DE IMPORTACI\u00d3N\"}]},{\"@type\":\"WebSite\",\"@id\":\"https:\/\/www.ceramtech.com.br\/es\/#website\",\"url\":\"https:\/\/www.ceramtech.com.br\/es\/\",\"name\":\"Ceramtech Neg\u00f3cios Internacionais\",\"description\":\"Ceramtech Neg\u00f3cios Internacionais\",\"potentialAction\":[{\"@type\":\"SearchAction\",\"target\":{\"@type\":\"EntryPoint\",\"urlTemplate\":\"https:\/\/www.ceramtech.com.br\/es\/?s={search_term_string}\"},\"query-input\":{\"@type\":\"PropertyValueSpecification\",\"valueRequired\":true,\"valueName\":\"search_term_string\"}}],\"inLanguage\":\"pt-BR\"}]}<\/script>\n<!-- \/ Yoast SEO plugin. -->","yoast_head_json":{"title":"MODELOS DE IMPORTACI\u00d3N - Ceramtech Neg\u00f3cios Internacionais","robots":{"index":"index","follow":"follow","max-snippet":"max-snippet:-1","max-image-preview":"max-image-preview:large","max-video-preview":"max-video-preview:-1"},"canonical":"https:\/\/www.ceramtech.com.br\/es\/servicios\/modelos-de-importacion\/","og_locale":"pt_BR","og_type":"article","og_title":"MODELOS DE IMPORTACI\u00d3N - Ceramtech Neg\u00f3cios Internacionais","og_description":"[vc_row css=&#8221;.vc_custom_1570454097711{padding-top: 20px !important;padding-bottom: 20px !important;}&#8221;][vc_column][vc_column_text] IMPORTAR POR PEDIDO Operaci\u00f3n de importaci\u00f3n regulada por el gobierno brasile\u00f1o a trav\u00e9s de la Secretar\u00eda de Ingresos Federales, que establece varios requisitos que deben cumplir los encargados de pedidos e importadores. Las partes deben establecer un contrato de compra y venta por orden. Este instrumento debe ser presentado&hellip;","og_url":"https:\/\/www.ceramtech.com.br\/es\/servicios\/modelos-de-importacion\/","og_site_name":"Ceramtech Neg\u00f3cios Internacionais","article_modified_time":"2019-12-05T16:29:19+00:00","twitter_card":"summary_large_image","twitter_misc":{"Est. tempo de leitura":"3 minutos"},"schema":{"@context":"https:\/\/schema.org","@graph":[{"@type":"WebPage","@id":"https:\/\/www.ceramtech.com.br\/es\/servicios\/modelos-de-importacion\/","url":"https:\/\/www.ceramtech.com.br\/es\/servicios\/modelos-de-importacion\/","name":"MODELOS DE IMPORTACI\u00d3N - Ceramtech Neg\u00f3cios Internacionais","isPartOf":{"@id":"https:\/\/www.ceramtech.com.br\/es\/#website"},"datePublished":"2019-10-07T16:52:16+00:00","dateModified":"2019-12-05T16:29:19+00:00","breadcrumb":{"@id":"https:\/\/www.ceramtech.com.br\/es\/servicios\/modelos-de-importacion\/#breadcrumb"},"inLanguage":"pt-BR","potentialAction":[{"@type":"ReadAction","target":["https:\/\/www.ceramtech.com.br\/es\/servicios\/modelos-de-importacion\/"]}]},{"@type":"BreadcrumbList","@id":"https:\/\/www.ceramtech.com.br\/es\/servicios\/modelos-de-importacion\/#breadcrumb","itemListElement":[{"@type":"ListItem","position":1,"name":"In\u00edcio","item":"https:\/\/www.ceramtech.com.br\/es\/"},{"@type":"ListItem","position":2,"name":"SERVICIOS","item":"https:\/\/www.ceramtech.com.br\/es\/servicios\/"},{"@type":"ListItem","position":3,"name":"MODELOS DE IMPORTACI\u00d3N"}]},{"@type":"WebSite","@id":"https:\/\/www.ceramtech.com.br\/es\/#website","url":"https:\/\/www.ceramtech.com.br\/es\/","name":"Ceramtech Neg\u00f3cios Internacionais","description":"Ceramtech Neg\u00f3cios Internacionais","potentialAction":[{"@type":"SearchAction","target":{"@type":"EntryPoint","urlTemplate":"https:\/\/www.ceramtech.com.br\/es\/?s={search_term_string}"},"query-input":{"@type":"PropertyValueSpecification","valueRequired":true,"valueName":"search_term_string"}}],"inLanguage":"pt-BR"}]}},"_links":{"self":[{"href":"https:\/\/www.ceramtech.com.br\/es\/wp-json\/wp\/v2\/pages\/1855","targetHints":{"allow":["GET"]}}],"collection":[{"href":"https:\/\/www.ceramtech.com.br\/es\/wp-json\/wp\/v2\/pages"}],"about":[{"href":"https:\/\/www.ceramtech.com.br\/es\/wp-json\/wp\/v2\/types\/page"}],"author":[{"embeddable":true,"href":"https:\/\/www.ceramtech.com.br\/es\/wp-json\/wp\/v2\/users\/1"}],"replies":[{"embeddable":true,"href":"https:\/\/www.ceramtech.com.br\/es\/wp-json\/wp\/v2\/comments?post=1855"}],"version-history":[{"count":4,"href":"https:\/\/www.ceramtech.com.br\/es\/wp-json\/wp\/v2\/pages\/1855\/revisions"}],"predecessor-version":[{"id":1985,"href":"https:\/\/www.ceramtech.com.br\/es\/wp-json\/wp\/v2\/pages\/1855\/revisions\/1985"}],"up":[{"embeddable":true,"href":"https:\/\/www.ceramtech.com.br\/es\/wp-json\/wp\/v2\/pages\/1839"}],"wp:attachment":[{"href":"https:\/\/www.ceramtech.com.br\/es\/wp-json\/wp\/v2\/media?parent=1855"}],"curies":[{"name":"wp","href":"https:\/\/api.w.org\/{rel}","templated":true}]}}