{"id":1879,"date":"2019-10-07T13:59:52","date_gmt":"2019-10-07T16:59:52","guid":{"rendered":"https:\/\/www.ceramtech.com.br\/es\/?page_id=1879"},"modified":"2019-12-05T13:17:49","modified_gmt":"2019-12-05T16:17:49","slug":"casos-exitosos","status":"publish","type":"page","link":"https:\/\/www.ceramtech.com.br\/es\/casos-exitosos\/","title":{"rendered":"Casos Exitosos"},"content":{"rendered":"<div class=\"wpb-content-wrapper\"><p>[vc_row css=&#8221;.vc_custom_1570454097711{padding-top: 20px !important;padding-bottom: 20px !important;}&#8221;][vc_column]<div id=\"ultimate-heading-825769ea5ed47c414\" class=\"uvc-heading ult-adjust-bottom-margin ultimate-heading-825769ea5ed47c414 uvc-7201 \" data-hspacer=\"no_spacer\"  data-halign=\"left\" style=\"text-align:left\"><div class=\"uvc-heading-spacer no_spacer\" style=\"top\"><\/div><div class=\"uvc-main-heading ult-responsive\"  data-ultimate-target='.uvc-heading.ultimate-heading-825769ea5ed47c414 h2'  data-responsive-json-new='{\"font-size\":\"desktop:26px;\",\"line-height\":\"desktop:32px;\"}' ><h2 style=\"font-weight:bold;margin-bottom:20px;\">Vea algunos de nuestros casos exitosos<\/h2><\/div><\/div>[vc_column_text]<\/p>\n<p style=\"text-align: justify;\"><strong>SECTOR TEXTIL:<\/strong><\/p>\n<p style=\"text-align: justify;\">Desarrollamos el proceso de expansi\u00f3n de las ventas en el mercado estadounidense de la marca DENIN VICUNHA CORPORATION GROUP, donde operamos desde la verificaci\u00f3n y el cumplimiento de todos los procedimientos legales para la exportaci\u00f3n punto a punto entre Brasil y EE. UU., Despacho en la Aduana estadounidense hasta la log\u00edstica de entrega en los EE. UU. Varios puntos de venta. Tambi\u00e9n desarrollamos un potencial de producci\u00f3n total en los mercados de Costa Rica, Rep\u00fablica Dominicana y Honduras. Manejo de todos los procesos de exportaci\u00f3n de JEANS en bobinas para cortar, ensamblar y lavar con posterior transporte y log\u00edstica a compradores estadounidenses.<\/p>\n<p style=\"text-align: justify;\"><strong>SECTOR INDUSTRIAL:<\/strong><\/p>\n<p style=\"text-align: justify;\">Desarrollamos todo el proceso de Importaci\u00f3n y Nacionalizaci\u00f3n de M\u00e1quinas de Impresi\u00f3n Offset de HEIDELBERG (Alemania), para Printing Company.<\/p>\n<p style=\"text-align: justify;\"><strong>ELECTRO \/ SECTOR ELECTR\u00d3NICO:<\/strong><\/p>\n<p style=\"text-align: justify;\">Desarrollamos todo el proceso de Importaci\u00f3n y Nacionalizaci\u00f3n de c\u00e1maras y equipos de la marca LEICA en Brasil.<\/p>\n<p style=\"text-align: justify;\"><strong>SECTOR DE PAPEL:<\/strong><\/p>\n<p style=\"text-align: justify;\">Hemos desarrollado para la industria papelera todo el proceso de Importaci\u00f3n y Nacionalizaci\u00f3n del papel de calco de la empresa: SHOELLERSHAMMER (Alemania), donde gestionamos toda la log\u00edstica y el transporte, desde el puerto de Hamburgo, hasta el desembarco en el puerto de Santos. Pasando por todo el despacho \/ log\u00edstica \/ transporte hasta el cliente final.<\/p>\n<p style=\"text-align: justify;\"><strong>SECTOR M\u00c9DICO \/ HOSPITALARIO:<\/strong><\/p>\n<p style=\"text-align: justify;\">Desarrollamos todo el proceso de Importaci\u00f3n y Nacionalizaci\u00f3n de Bolsas y Bobinas para la esterilizaci\u00f3n de instrumentos m\u00e9dicos \/ hospitalarios y dentales, para la empresa italiana: SOGEVA, donde operamos desde el registro del producto en el Ministerio de Salud \/ Anvisa, hasta las aprobaciones en los distintos hospitales del Redes municipales, estatales y federales de Brasil, as\u00ed como en la red privada, cuidando todo el proceso de importaci\u00f3n, punto a punto, aterrizaje aduanero, log\u00edstica, inventario y destino a los puntos de consumo.<\/p>\n<p style=\"text-align: justify;\">En un proceso continuo de evoluci\u00f3n, desde su creaci\u00f3n, Ceramtech ha incorporado a sus actividades comerciales, tales como:<\/p>\n<p style=\"text-align: justify;\">Industria de seguridad industrial: protecciones para m\u00e1quinas industriales y sus operadores de Repar-Italia.<\/p>\n<p style=\"text-align: justify;\">Sector el\u00e9ctrico &#8211; Protecciones y acoplamientos para motores el\u00e9ctricos industriales, de Uniguard Corp &#8211; Estados Unidos.<\/p>\n<p style=\"text-align: justify;\">Actualmente en desarrollo, productos e implementaci\u00f3n en sensores IOT Ti para la industria 4.0<\/p>\n<p>[\/vc_column_text][\/vc_column][\/vc_row]<\/p>\n<\/div>","protected":false},"excerpt":{"rendered":"<p>[vc_row css=&#8221;.vc_custom_1570454097711{padding-top: 20px !important;padding-bottom: 20px !important;}&#8221;][vc_column][vc_column_text] SECTOR TEXTIL: Desarrollamos el proceso de expansi\u00f3n de las ventas en el mercado estadounidense de la marca DENIN VICUNHA CORPORATION GROUP, donde operamos desde la verificaci\u00f3n y el cumplimiento de todos los procedimientos legales para la exportaci\u00f3n punto a punto entre Brasil y EE. UU., Despacho en la Aduana&hellip;<\/p>\n","protected":false},"author":1,"featured_media":0,"parent":0,"menu_order":100,"comment_status":"closed","ping_status":"closed","template":"","meta":{"footnotes":""},"class_list":["post-1879","page","type-page","status-publish","hentry","description-off"],"yoast_head":"<!-- This site is optimized with the Yoast SEO plugin v27.2 - https:\/\/yoast.com\/product\/yoast-seo-wordpress\/ -->\n<title>Casos Exitosos - Ceramtech Neg\u00f3cios Internacionais<\/title>\n<meta name=\"description\" content=\"SECTOR TEXTIL: Desarrollamos el proceso de expansi\u00f3n de las ventas en el mercado estadounidense de la marca DENIN VICUNHA CORPORATION GROUP, donde operamos\" \/>\n<meta name=\"robots\" content=\"index, follow, max-snippet:-1, max-image-preview:large, max-video-preview:-1\" \/>\n<link rel=\"canonical\" href=\"https:\/\/www.ceramtech.com.br\/es\/casos-exitosos\/\" \/>\n<meta property=\"og:locale\" content=\"pt_BR\" \/>\n<meta property=\"og:type\" content=\"article\" \/>\n<meta property=\"og:title\" content=\"Casos Exitosos - Ceramtech Neg\u00f3cios Internacionais\" \/>\n<meta property=\"og:description\" content=\"SECTOR TEXTIL: Desarrollamos el proceso de expansi\u00f3n de las ventas en el mercado estadounidense de la marca DENIN VICUNHA CORPORATION GROUP, donde operamos\" \/>\n<meta property=\"og:url\" content=\"https:\/\/www.ceramtech.com.br\/es\/casos-exitosos\/\" \/>\n<meta property=\"og:site_name\" content=\"Ceramtech Neg\u00f3cios Internacionais\" \/>\n<meta property=\"article:modified_time\" content=\"2019-12-05T16:17:49+00:00\" \/>\n<meta name=\"twitter:card\" content=\"summary_large_image\" \/>\n<meta name=\"twitter:label1\" content=\"Est. tempo de leitura\" \/>\n\t<meta name=\"twitter:data1\" content=\"2 minutos\" \/>\n<script type=\"application\/ld+json\" class=\"yoast-schema-graph\">{\"@context\":\"https:\/\/schema.org\",\"@graph\":[{\"@type\":\"WebPage\",\"@id\":\"https:\/\/www.ceramtech.com.br\/es\/casos-exitosos\/\",\"url\":\"https:\/\/www.ceramtech.com.br\/es\/casos-exitosos\/\",\"name\":\"Casos Exitosos - Ceramtech Neg\u00f3cios Internacionais\",\"isPartOf\":{\"@id\":\"https:\/\/www.ceramtech.com.br\/es\/#website\"},\"datePublished\":\"2019-10-07T16:59:52+00:00\",\"dateModified\":\"2019-12-05T16:17:49+00:00\",\"description\":\"SECTOR TEXTIL: Desarrollamos el proceso de expansi\u00f3n de las ventas en el mercado estadounidense de la marca DENIN VICUNHA CORPORATION GROUP, donde operamos\",\"breadcrumb\":{\"@id\":\"https:\/\/www.ceramtech.com.br\/es\/casos-exitosos\/#breadcrumb\"},\"inLanguage\":\"pt-BR\",\"potentialAction\":[{\"@type\":\"ReadAction\",\"target\":[\"https:\/\/www.ceramtech.com.br\/es\/casos-exitosos\/\"]}]},{\"@type\":\"BreadcrumbList\",\"@id\":\"https:\/\/www.ceramtech.com.br\/es\/casos-exitosos\/#breadcrumb\",\"itemListElement\":[{\"@type\":\"ListItem\",\"position\":1,\"name\":\"In\u00edcio\",\"item\":\"https:\/\/www.ceramtech.com.br\/es\/\"},{\"@type\":\"ListItem\",\"position\":2,\"name\":\"Casos Exitosos\"}]},{\"@type\":\"WebSite\",\"@id\":\"https:\/\/www.ceramtech.com.br\/es\/#website\",\"url\":\"https:\/\/www.ceramtech.com.br\/es\/\",\"name\":\"Ceramtech Neg\u00f3cios Internacionais\",\"description\":\"Ceramtech Neg\u00f3cios Internacionais\",\"potentialAction\":[{\"@type\":\"SearchAction\",\"target\":{\"@type\":\"EntryPoint\",\"urlTemplate\":\"https:\/\/www.ceramtech.com.br\/es\/?s={search_term_string}\"},\"query-input\":{\"@type\":\"PropertyValueSpecification\",\"valueRequired\":true,\"valueName\":\"search_term_string\"}}],\"inLanguage\":\"pt-BR\"}]}<\/script>\n<!-- \/ Yoast SEO plugin. -->","yoast_head_json":{"title":"Casos Exitosos - Ceramtech Neg\u00f3cios Internacionais","description":"SECTOR TEXTIL: Desarrollamos el proceso de expansi\u00f3n de las ventas en el mercado estadounidense de la marca DENIN VICUNHA CORPORATION GROUP, donde operamos","robots":{"index":"index","follow":"follow","max-snippet":"max-snippet:-1","max-image-preview":"max-image-preview:large","max-video-preview":"max-video-preview:-1"},"canonical":"https:\/\/www.ceramtech.com.br\/es\/casos-exitosos\/","og_locale":"pt_BR","og_type":"article","og_title":"Casos Exitosos - Ceramtech Neg\u00f3cios Internacionais","og_description":"SECTOR TEXTIL: Desarrollamos el proceso de expansi\u00f3n de las ventas en el mercado estadounidense de la marca DENIN VICUNHA CORPORATION GROUP, donde operamos","og_url":"https:\/\/www.ceramtech.com.br\/es\/casos-exitosos\/","og_site_name":"Ceramtech Neg\u00f3cios Internacionais","article_modified_time":"2019-12-05T16:17:49+00:00","twitter_card":"summary_large_image","twitter_misc":{"Est. tempo de leitura":"2 minutos"},"schema":{"@context":"https:\/\/schema.org","@graph":[{"@type":"WebPage","@id":"https:\/\/www.ceramtech.com.br\/es\/casos-exitosos\/","url":"https:\/\/www.ceramtech.com.br\/es\/casos-exitosos\/","name":"Casos Exitosos - Ceramtech Neg\u00f3cios Internacionais","isPartOf":{"@id":"https:\/\/www.ceramtech.com.br\/es\/#website"},"datePublished":"2019-10-07T16:59:52+00:00","dateModified":"2019-12-05T16:17:49+00:00","description":"SECTOR TEXTIL: Desarrollamos el proceso de expansi\u00f3n de las ventas en el mercado estadounidense de la marca DENIN VICUNHA CORPORATION GROUP, donde operamos","breadcrumb":{"@id":"https:\/\/www.ceramtech.com.br\/es\/casos-exitosos\/#breadcrumb"},"inLanguage":"pt-BR","potentialAction":[{"@type":"ReadAction","target":["https:\/\/www.ceramtech.com.br\/es\/casos-exitosos\/"]}]},{"@type":"BreadcrumbList","@id":"https:\/\/www.ceramtech.com.br\/es\/casos-exitosos\/#breadcrumb","itemListElement":[{"@type":"ListItem","position":1,"name":"In\u00edcio","item":"https:\/\/www.ceramtech.com.br\/es\/"},{"@type":"ListItem","position":2,"name":"Casos Exitosos"}]},{"@type":"WebSite","@id":"https:\/\/www.ceramtech.com.br\/es\/#website","url":"https:\/\/www.ceramtech.com.br\/es\/","name":"Ceramtech Neg\u00f3cios Internacionais","description":"Ceramtech Neg\u00f3cios Internacionais","potentialAction":[{"@type":"SearchAction","target":{"@type":"EntryPoint","urlTemplate":"https:\/\/www.ceramtech.com.br\/es\/?s={search_term_string}"},"query-input":{"@type":"PropertyValueSpecification","valueRequired":true,"valueName":"search_term_string"}}],"inLanguage":"pt-BR"}]}},"_links":{"self":[{"href":"https:\/\/www.ceramtech.com.br\/es\/wp-json\/wp\/v2\/pages\/1879","targetHints":{"allow":["GET"]}}],"collection":[{"href":"https:\/\/www.ceramtech.com.br\/es\/wp-json\/wp\/v2\/pages"}],"about":[{"href":"https:\/\/www.ceramtech.com.br\/es\/wp-json\/wp\/v2\/types\/page"}],"author":[{"embeddable":true,"href":"https:\/\/www.ceramtech.com.br\/es\/wp-json\/wp\/v2\/users\/1"}],"replies":[{"embeddable":true,"href":"https:\/\/www.ceramtech.com.br\/es\/wp-json\/wp\/v2\/comments?post=1879"}],"version-history":[{"count":7,"href":"https:\/\/www.ceramtech.com.br\/es\/wp-json\/wp\/v2\/pages\/1879\/revisions"}],"predecessor-version":[{"id":1977,"href":"https:\/\/www.ceramtech.com.br\/es\/wp-json\/wp\/v2\/pages\/1879\/revisions\/1977"}],"wp:attachment":[{"href":"https:\/\/www.ceramtech.com.br\/es\/wp-json\/wp\/v2\/media?parent=1879"}],"curies":[{"name":"wp","href":"https:\/\/api.w.org\/{rel}","templated":true}]}}