{"id":5,"date":"2016-01-29T10:12:39","date_gmt":"2016-01-29T10:12:39","guid":{"rendered":"https:\/\/the7.io\/beauty-studio\/?page_id=5"},"modified":"2019-12-05T13:13:50","modified_gmt":"2019-12-05T16:13:50","slug":"ceramtech-international-business","status":"publish","type":"page","link":"https:\/\/www.ceramtech.com.br\/es\/ceramtech-international-business\/","title":{"rendered":"Ceramtech International Business"},"content":{"rendered":"<div class=\"wpb-content-wrapper\"><p>[vc_row css=&#8221;.vc_custom_1570454097711{padding-top: 20px !important;padding-bottom: 20px !important;}&#8221;][vc_column]<div id=\"ultimate-heading-106069ea494fa36ae\" class=\"uvc-heading ult-adjust-bottom-margin ultimate-heading-106069ea494fa36ae uvc-992 \" data-hspacer=\"no_spacer\"  data-halign=\"left\" style=\"text-align:left\"><div class=\"uvc-heading-spacer no_spacer\" style=\"top\"><\/div><div class=\"uvc-main-heading ult-responsive\"  data-ultimate-target='.uvc-heading.ultimate-heading-106069ea494fa36ae h2'  data-responsive-json-new='{\"font-size\":\"desktop:26px;\",\"line-height\":\"desktop:32px;\"}' ><h2 style=\"font-weight:bold;margin-bottom:20px;\">UN POCO DE HISTORIA CERAMTECH<\/h2><\/div><\/div>[vc_column_text]<\/p>\n<p style=\"text-align: justify;\">En 1990, con veinte a\u00f1os de profesionalismo en Comercio Exterior, Claudio Piovesan fund\u00f3 &#8220;CERAMTECH&#8221;. Inicialmente centr\u00f3 sus actividades en el IRS, con el sector &#8220;aduanero&#8221;. Pero poco despu\u00e9s tambi\u00e9n absorber\u00eda asuntos de gran relevancia, donde requerir\u00eda discernimiento en la burocracia en los procedimientos administrativos.<\/p>\n<p style=\"text-align: justify;\">Con su r\u00e1pido crecimiento, se da un vuelo m\u00e1s alto y, por lo tanto, viene otra compa\u00f1\u00eda, pero ahora en Florida &#8211; EE. UU .: TRADING Co. \u201dque llega para obtener soporte y soporte internacional, adem\u00e1s de mapear y profundizar en nuevas culturas y Desarrollo de mercados innovadores. Esta estrategia se aprovech\u00f3 muy bien, ya que Brasil estaba comenzando a implementar y actualizar los sectores de TI y Telecomunicaciones.<\/p>\n<p style=\"text-align: justify;\">Nuestros intensos esfuerzos, junto con aliados profesionales, dieron como resultado un objetivo exitoso y exitoso, ya que r\u00e1pidamente nos ubicamos en el primer lugar en el ranking de empresas de suministro de componentes electr\u00f3nicos y tecnol\u00f3gicos, y en meses ya hab\u00edamos conquistado casi todo el mercado brasile\u00f1o.<\/p>\n<p style=\"text-align: justify;\">La consolidaci\u00f3n de nuestra empresa se logr\u00f3 en 1990, proporcionando la apertura de la segunda unidad de negocios, ahora en California, en Silicon Valley, para agilizar y agilizar el suministro a los clientes.<\/p>\n<p style=\"text-align: justify;\">Esta nueva estructura servir\u00eda a un mercado nuevo y diferenciado, en pleno desarrollo: el &#8220;ODONTOL\u00d3GICO&#8221;. Inmediatamente tambi\u00e9n nos ocupar\u00edamos de entregas de productos nuevos y diversificados en diversas industrias. Dicha acci\u00f3n nos permiti\u00f3 ganar la representaci\u00f3n del estadounidense CERANCO Co. quien es un l\u00edder en este sentido.<\/p>\n<p style=\"text-align: justify;\">As\u00ed, CERAMTECH (BRA) y CERANCO (EE. UU.); ofrecer\u00eda al mercado los servicios de consultor\u00eda y asesoramiento m\u00e1s tecnol\u00f3gicos para la implantaci\u00f3n de la marca de productos de cer\u00e1mica dental en el mercado brasile\u00f1o. Actuando desde la encuesta t\u00e9cnica inicial en la Planta de California, a trav\u00e9s del desarrollo de Marketing \/ Marketing en la rama prot\u00e9sica de Brasil, hasta la venta efectiva a los consumidores finales.<\/p>\n<p style=\"text-align: justify;\">Con los a\u00f1os, la empresa CERANCO (EE. UU.), Tuvo sus acciones negociadas y se convirti\u00f3 en parte de un nuevo grupo, sin embargo, este nuevo adquiriente permaneci\u00f3 con una sucursal en Brasil, lo que hizo imposible continuar con los productos dentales.<\/p>\n<p style=\"text-align: justify;\">Hoy, la empresa brasile\u00f1a CERAMTECH, con 30 a\u00f1os de experiencia global en el mercado de importaci\u00f3n \/ exportaci\u00f3n, se enorgullece de servir desde el desarrollo inicial de un producto hasta su entrega al cliente final.<\/p>\n<p style=\"text-align: justify;\">CERAMTECH tambi\u00e9n opera en el concepto 360\u00ba en la cadena de suministro (4PL), esta diversificaci\u00f3n de negocios, fortaleci\u00e9ndola frente a competidores nacionales e internacionales. Esto le permite ofrecer a sus clientes la mejor situaci\u00f3n de desarrollo de sus productos y mercados, con el objetivo de una mayor calidad, innovaci\u00f3n, eficiencia y sostenibilidad.<\/p>\n<p>[\/vc_column_text][\/vc_column][\/vc_row]<\/p>\n<\/div>","protected":false},"excerpt":{"rendered":"<p>[vc_row css=&#8221;.vc_custom_1570454097711{padding-top: 20px !important;padding-bottom: 20px !important;}&#8221;][vc_column][vc_column_text] En 1990, con veinte a\u00f1os de profesionalismo en Comercio Exterior, Claudio Piovesan fund\u00f3 &#8220;CERAMTECH&#8221;. Inicialmente centr\u00f3 sus actividades en el IRS, con el sector &#8220;aduanero&#8221;. Pero poco despu\u00e9s tambi\u00e9n absorber\u00eda asuntos de gran relevancia, donde requerir\u00eda discernimiento en la burocracia en los procedimientos administrativos. Con su r\u00e1pido crecimiento, se&hellip;<\/p>\n","protected":false},"author":1,"featured_media":0,"parent":0,"menu_order":100,"comment_status":"closed","ping_status":"closed","template":"","meta":{"footnotes":""},"class_list":["post-5","page","type-page","status-publish","hentry","description-off"],"yoast_head":"<!-- This site is optimized with the Yoast SEO plugin v27.2 - https:\/\/yoast.com\/product\/yoast-seo-wordpress\/ -->\n<title>Ceramtech International Business - Ceramtech Neg\u00f3cios Internacionais<\/title>\n<meta name=\"robots\" content=\"index, follow, max-snippet:-1, max-image-preview:large, max-video-preview:-1\" \/>\n<link rel=\"canonical\" href=\"https:\/\/www.ceramtech.com.br\/es\/ceramtech-international-business\/\" \/>\n<meta property=\"og:locale\" content=\"pt_BR\" \/>\n<meta property=\"og:type\" content=\"article\" \/>\n<meta property=\"og:title\" content=\"Ceramtech International Business - Ceramtech Neg\u00f3cios Internacionais\" \/>\n<meta property=\"og:description\" content=\"[vc_row css=&#8221;.vc_custom_1570454097711{padding-top: 20px !important;padding-bottom: 20px !important;}&#8221;][vc_column][vc_column_text] En 1990, con veinte a\u00f1os de profesionalismo en Comercio Exterior, Claudio Piovesan fund\u00f3 &#8220;CERAMTECH&#8221;. Inicialmente centr\u00f3 sus actividades en el IRS, con el sector &#8220;aduanero&#8221;. Pero poco despu\u00e9s tambi\u00e9n absorber\u00eda asuntos de gran relevancia, donde requerir\u00eda discernimiento en la burocracia en los procedimientos administrativos. Con su r\u00e1pido crecimiento, se&hellip;\" \/>\n<meta property=\"og:url\" content=\"https:\/\/www.ceramtech.com.br\/es\/ceramtech-international-business\/\" \/>\n<meta property=\"og:site_name\" content=\"Ceramtech Neg\u00f3cios Internacionais\" \/>\n<meta property=\"article:modified_time\" content=\"2019-12-05T16:13:50+00:00\" \/>\n<meta name=\"twitter:card\" content=\"summary_large_image\" \/>\n<meta name=\"twitter:label1\" content=\"Est. tempo de leitura\" \/>\n\t<meta name=\"twitter:data1\" content=\"3 minutos\" \/>\n<script type=\"application\/ld+json\" class=\"yoast-schema-graph\">{\"@context\":\"https:\/\/schema.org\",\"@graph\":[{\"@type\":\"WebPage\",\"@id\":\"https:\/\/www.ceramtech.com.br\/es\/ceramtech-international-business\/\",\"url\":\"https:\/\/www.ceramtech.com.br\/es\/ceramtech-international-business\/\",\"name\":\"Ceramtech International Business - Ceramtech Neg\u00f3cios Internacionais\",\"isPartOf\":{\"@id\":\"https:\/\/www.ceramtech.com.br\/es\/#website\"},\"datePublished\":\"2016-01-29T10:12:39+00:00\",\"dateModified\":\"2019-12-05T16:13:50+00:00\",\"breadcrumb\":{\"@id\":\"https:\/\/www.ceramtech.com.br\/es\/ceramtech-international-business\/#breadcrumb\"},\"inLanguage\":\"pt-BR\",\"potentialAction\":[{\"@type\":\"ReadAction\",\"target\":[\"https:\/\/www.ceramtech.com.br\/es\/ceramtech-international-business\/\"]}]},{\"@type\":\"BreadcrumbList\",\"@id\":\"https:\/\/www.ceramtech.com.br\/es\/ceramtech-international-business\/#breadcrumb\",\"itemListElement\":[{\"@type\":\"ListItem\",\"position\":1,\"name\":\"In\u00edcio\",\"item\":\"https:\/\/www.ceramtech.com.br\/es\/\"},{\"@type\":\"ListItem\",\"position\":2,\"name\":\"Ceramtech International Business\"}]},{\"@type\":\"WebSite\",\"@id\":\"https:\/\/www.ceramtech.com.br\/es\/#website\",\"url\":\"https:\/\/www.ceramtech.com.br\/es\/\",\"name\":\"Ceramtech Neg\u00f3cios Internacionais\",\"description\":\"Ceramtech Neg\u00f3cios Internacionais\",\"potentialAction\":[{\"@type\":\"SearchAction\",\"target\":{\"@type\":\"EntryPoint\",\"urlTemplate\":\"https:\/\/www.ceramtech.com.br\/es\/?s={search_term_string}\"},\"query-input\":{\"@type\":\"PropertyValueSpecification\",\"valueRequired\":true,\"valueName\":\"search_term_string\"}}],\"inLanguage\":\"pt-BR\"}]}<\/script>\n<!-- \/ Yoast SEO plugin. -->","yoast_head_json":{"title":"Ceramtech International Business - Ceramtech Neg\u00f3cios Internacionais","robots":{"index":"index","follow":"follow","max-snippet":"max-snippet:-1","max-image-preview":"max-image-preview:large","max-video-preview":"max-video-preview:-1"},"canonical":"https:\/\/www.ceramtech.com.br\/es\/ceramtech-international-business\/","og_locale":"pt_BR","og_type":"article","og_title":"Ceramtech International Business - Ceramtech Neg\u00f3cios Internacionais","og_description":"[vc_row css=&#8221;.vc_custom_1570454097711{padding-top: 20px !important;padding-bottom: 20px !important;}&#8221;][vc_column][vc_column_text] En 1990, con veinte a\u00f1os de profesionalismo en Comercio Exterior, Claudio Piovesan fund\u00f3 &#8220;CERAMTECH&#8221;. Inicialmente centr\u00f3 sus actividades en el IRS, con el sector &#8220;aduanero&#8221;. Pero poco despu\u00e9s tambi\u00e9n absorber\u00eda asuntos de gran relevancia, donde requerir\u00eda discernimiento en la burocracia en los procedimientos administrativos. Con su r\u00e1pido crecimiento, se&hellip;","og_url":"https:\/\/www.ceramtech.com.br\/es\/ceramtech-international-business\/","og_site_name":"Ceramtech Neg\u00f3cios Internacionais","article_modified_time":"2019-12-05T16:13:50+00:00","twitter_card":"summary_large_image","twitter_misc":{"Est. tempo de leitura":"3 minutos"},"schema":{"@context":"https:\/\/schema.org","@graph":[{"@type":"WebPage","@id":"https:\/\/www.ceramtech.com.br\/es\/ceramtech-international-business\/","url":"https:\/\/www.ceramtech.com.br\/es\/ceramtech-international-business\/","name":"Ceramtech International Business - Ceramtech Neg\u00f3cios Internacionais","isPartOf":{"@id":"https:\/\/www.ceramtech.com.br\/es\/#website"},"datePublished":"2016-01-29T10:12:39+00:00","dateModified":"2019-12-05T16:13:50+00:00","breadcrumb":{"@id":"https:\/\/www.ceramtech.com.br\/es\/ceramtech-international-business\/#breadcrumb"},"inLanguage":"pt-BR","potentialAction":[{"@type":"ReadAction","target":["https:\/\/www.ceramtech.com.br\/es\/ceramtech-international-business\/"]}]},{"@type":"BreadcrumbList","@id":"https:\/\/www.ceramtech.com.br\/es\/ceramtech-international-business\/#breadcrumb","itemListElement":[{"@type":"ListItem","position":1,"name":"In\u00edcio","item":"https:\/\/www.ceramtech.com.br\/es\/"},{"@type":"ListItem","position":2,"name":"Ceramtech International Business"}]},{"@type":"WebSite","@id":"https:\/\/www.ceramtech.com.br\/es\/#website","url":"https:\/\/www.ceramtech.com.br\/es\/","name":"Ceramtech Neg\u00f3cios Internacionais","description":"Ceramtech Neg\u00f3cios Internacionais","potentialAction":[{"@type":"SearchAction","target":{"@type":"EntryPoint","urlTemplate":"https:\/\/www.ceramtech.com.br\/es\/?s={search_term_string}"},"query-input":{"@type":"PropertyValueSpecification","valueRequired":true,"valueName":"search_term_string"}}],"inLanguage":"pt-BR"}]}},"_links":{"self":[{"href":"https:\/\/www.ceramtech.com.br\/es\/wp-json\/wp\/v2\/pages\/5","targetHints":{"allow":["GET"]}}],"collection":[{"href":"https:\/\/www.ceramtech.com.br\/es\/wp-json\/wp\/v2\/pages"}],"about":[{"href":"https:\/\/www.ceramtech.com.br\/es\/wp-json\/wp\/v2\/types\/page"}],"author":[{"embeddable":true,"href":"https:\/\/www.ceramtech.com.br\/es\/wp-json\/wp\/v2\/users\/1"}],"replies":[{"embeddable":true,"href":"https:\/\/www.ceramtech.com.br\/es\/wp-json\/wp\/v2\/comments?post=5"}],"version-history":[{"count":9,"href":"https:\/\/www.ceramtech.com.br\/es\/wp-json\/wp\/v2\/pages\/5\/revisions"}],"predecessor-version":[{"id":1975,"href":"https:\/\/www.ceramtech.com.br\/es\/wp-json\/wp\/v2\/pages\/5\/revisions\/1975"}],"wp:attachment":[{"href":"https:\/\/www.ceramtech.com.br\/es\/wp-json\/wp\/v2\/media?parent=5"}],"curies":[{"name":"wp","href":"https:\/\/api.w.org\/{rel}","templated":true}]}}